{"id":3057,"date":"2024-05-17T21:11:28","date_gmt":"2024-05-17T19:11:28","guid":{"rendered":"https:\/\/equihero.eu\/produkt\/flaem-nebulair-plus-nebulair\/"},"modified":"2025-11-06T16:26:32","modified_gmt":"2025-11-06T15:26:32","slug":"flaem-nebulair-plus-nebulair","status":"publish","type":"product","link":"https:\/\/equihero.eu\/de\/produkt\/flaem-nebulair-plus-nebulair\/","title":{"rendered":"Flaem NebulAir Plus Inhalator (NebulAir +)"},"content":{"rendered":"<p><strong>Professionelles Ger\u00e4t<\/strong><br \/>\nProfessionelles Ger\u00e4t zur Aerosoltherapie. Ein Kolbeninhalator f\u00fcr die Aerosurgerie, geeignet f\u00fcr den intensiven Gebrauch. Inhalator f\u00fcr den Dauerbetrieb geeignet.<br \/>\n<strong>Dauerbetrieb<\/strong><br \/>\nDer leistungsstarke und robuste Kompressor erm\u00f6glicht den Dauerbetrieb und hat einen niedrigen Ger\u00e4uschpegel. Schnelle und effektive Verneblung aller handels\u00fcblichen Medikamente (einschlie\u00dflich Steroide), auch bei Asthma und Allergien. Moderne technische L\u00f6sungen und eine hochwertige Verarbeitung, ein leistungsstarker und effizienter Motor sorgen f\u00fcr eine komfortable und sichere Anwendung des Inhalators. Die spezielle, leistungsstarke Kompressorpumpe des Inhalators sorgt f\u00fcr eine effiziente Inhalation und eine schnelle und effektive Aerosolabgabe.<br \/>\n<strong>Praktisch<\/strong><br \/>\nDer Inhalator verf\u00fcgt \u00fcber ein praktisches Aufbewahrungsfach f\u00fcr das gesamte Zubeh\u00f6r, und das Netzkabel ist in der R\u00fcckseite des Geh\u00e4uses versenkt. Das Zubeh\u00f6rfach erm\u00f6glicht die hygienische Aufbewahrung von Zubeh\u00f6r. Dank seines speziellen Griffs ist er leicht zu transportieren.<br \/>\n<strong>Bessere Qualit\u00e4t<\/strong><br \/>\nDie Luft zum Einatmen wird von au\u00dfen angesaugt und durch einen hochwertigen Filter gefiltert.<br \/>\n<strong>Das Set enth\u00e4lt:<\/strong><br \/>\n<strong>RF7 Vernebler<\/strong><br \/>\nDer hochmoderne Rapid Flaem 7 Dual Speed (RF7 Dual Speed) Vernebler macht die Inhalationstherapie effektiv und komfortabel. Der Vernebler hat die F\u00e4higkeit, die Inhalation zweimal zu beschleunigen. Es ist desinfizierbar, so dass es sogar \u00fcber lange Zeitr\u00e4ume (bis zu einem Jahr) verwendet werden kann. Das spezielle Ventil des Verneblers erm\u00f6glicht es, das Aerosol nur w\u00e4hrend der Inhalationsphase zu verabreichen, wodurch die H\u00e4lfte des Medikaments eingespart wird. Im Vergleich dazu wurde bei einem herk\u00f6mmlichen Vernebler das Medikament kontinuierlich verabreicht und in der Ausatmungsphase verschwendet.<\/p>\n","protected":false},"excerpt":{"rendered":"<p>Hochmoderner RF7 Dual Speed Vernebler mit doppelt so hoher Inhalationskapazit\u00e4t<\/p>\n","protected":false},"featured_media":3046,"comment_status":"open","ping_status":"closed","template":"","meta":{"site-sidebar-layout":"default","site-content-layout":"","ast-site-content-layout":"default","site-content-style":"default","site-sidebar-style":"default","ast-global-header-display":"","ast-banner-title-visibility":"","ast-main-header-display":"","ast-hfb-above-header-display":"","ast-hfb-below-header-display":"","ast-hfb-mobile-header-display":"","site-post-title":"","ast-breadcrumbs-content":"","ast-featured-img":"","footer-sml-layout":"","ast-disable-related-posts":"","theme-transparent-header-meta":"default","adv-header-id-meta":"","stick-header-meta":"","header-above-stick-meta":"","header-main-stick-meta":"","header-below-stick-meta":"","astra-migrate-meta-layouts":"default","ast-page-background-enabled":"default","ast-page-background-meta":{"desktop":{"background-color":"","background-image":"","background-repeat":"repeat","background-position":"center center","background-size":"auto","background-attachment":"scroll","background-type":"","background-media":"","overlay-type":"","overlay-color":"","overlay-opacity":"","overlay-gradient":""},"tablet":{"background-color":"","background-image":"","background-repeat":"repeat","background-position":"center center","background-size":"auto","background-attachment":"scroll","background-type":"","background-media":"","overlay-type":"","overlay-color":"","overlay-opacity":"","overlay-gradient":""},"mobile":{"background-color":"","background-image":"","background-repeat":"repeat","background-position":"center center","background-size":"auto","background-attachment":"scroll","background-type":"","background-media":"","overlay-type":"","overlay-color":"","overlay-opacity":"","overlay-gradient":""}},"ast-content-background-meta":{"desktop":{"background-color":"var(--ast-global-color-5)","background-image":"","background-repeat":"repeat","background-position":"center center","background-size":"auto","background-attachment":"scroll","background-type":"","background-media":"","overlay-type":"","overlay-color":"","overlay-opacity":"","overlay-gradient":""},"tablet":{"background-color":"var(--ast-global-color-5)","background-image":"","background-repeat":"repeat","background-position":"center center","background-size":"auto","background-attachment":"scroll","background-type":"","background-media":"","overlay-type":"","overlay-color":"","overlay-opacity":"","overlay-gradient":""},"mobile":{"background-color":"var(--ast-global-color-5)","background-image":"","background-repeat":"repeat","background-position":"center center","background-size":"auto","background-attachment":"scroll","background-type":"","background-media":"","overlay-type":"","overlay-color":"","overlay-opacity":"","overlay-gradient":""}}},"product_brand":[],"product_cat":[60],"product_tag":[],"class_list":{"0":"post-3057","1":"product","2":"type-product","3":"status-publish","4":"has-post-thumbnail","6":"product_cat-inhalator-de","7":"desktop-align-left","8":"tablet-align-left","9":"mobile-align-left","11":"first","12":"instock","13":"taxable","14":"shipping-taxable","15":"purchasable","16":"product-type-simple"},"yoast_head":"<!-- This site is optimized with the Yoast SEO plugin v27.0 - https:\/\/yoast.com\/product\/yoast-seo-wordpress\/ -->\n<title>Flaem NebulAir Plus Inhalator (NebulAir +) | Equihero<\/title>\n<meta name=\"robots\" content=\"index, follow, max-snippet:-1, max-image-preview:large, max-video-preview:-1\" \/>\n<link rel=\"canonical\" href=\"https:\/\/equihero.eu\/de\/produkt\/flaem-nebulair-plus-nebulair\/\" \/>\n<meta property=\"og:locale\" content=\"de_DE\" \/>\n<meta property=\"og:type\" content=\"article\" \/>\n<meta property=\"og:title\" content=\"Flaem NebulAir Plus Inhalator (NebulAir +) | Equihero\" \/>\n<meta property=\"og:description\" content=\"Hochmoderner RF7 Dual Speed Vernebler mit doppelt so hoher Inhalationskapazit\u00e4t\" \/>\n<meta property=\"og:url\" content=\"https:\/\/equihero.eu\/de\/produkt\/flaem-nebulair-plus-nebulair\/\" \/>\n<meta property=\"og:site_name\" content=\"Equihero\" \/>\n<meta property=\"article:publisher\" content=\"https:\/\/m.facebook.com\/equihero.eu\" \/>\n<meta property=\"article:modified_time\" content=\"2025-11-06T15:26:32+00:00\" \/>\n<meta property=\"og:image\" content=\"https:\/\/equihero.eu\/wp-content\/uploads\/2024\/05\/flaem_nebulair_inhalator.jpg\" \/>\n\t<meta property=\"og:image:width\" content=\"2000\" \/>\n\t<meta property=\"og:image:height\" content=\"2000\" \/>\n\t<meta property=\"og:image:type\" content=\"image\/jpeg\" \/>\n<meta name=\"twitter:card\" content=\"summary_large_image\" \/>\n<meta name=\"twitter:label1\" content=\"Preis\" \/>\n\t<meta name=\"twitter:data1\" content=\"&euro;112.50\" \/>\n\t<meta name=\"twitter:label2\" content=\"Verf\u00fcgbarkeit\" \/>\n\t<meta name=\"twitter:data2\" content=\"Auf Lager\" \/>\n<script type=\"application\/ld+json\" class=\"yoast-schema-graph\">{\"@context\":\"https:\/\/schema.org\",\"@graph\":[{\"@type\":\"WebPage\",\"@id\":\"https:\/\/equihero.eu\/de\/produkt\/flaem-nebulair-plus-nebulair\/\",\"url\":\"https:\/\/equihero.eu\/de\/produkt\/flaem-nebulair-plus-nebulair\/\",\"name\":\"Flaem NebulAir Plus Inhalator (NebulAir +) | Equihero\",\"isPartOf\":{\"@id\":\"https:\/\/equihero.eu\/de\/#website\"},\"primaryImageOfPage\":{\"@id\":\"https:\/\/equihero.eu\/de\/produkt\/flaem-nebulair-plus-nebulair\/#primaryimage\"},\"image\":{\"@id\":\"https:\/\/equihero.eu\/de\/produkt\/flaem-nebulair-plus-nebulair\/#primaryimage\"},\"thumbnailUrl\":\"https:\/\/equihero.eu\/wp-content\/uploads\/2024\/05\/flaem_nebulair_inhalator.jpg\",\"datePublished\":\"2024-05-17T19:11:28+00:00\",\"dateModified\":\"2025-11-06T15:26:32+00:00\",\"breadcrumb\":{\"@id\":\"https:\/\/equihero.eu\/de\/produkt\/flaem-nebulair-plus-nebulair\/#breadcrumb\"},\"inLanguage\":\"de\",\"potentialAction\":[{\"@type\":\"ReadAction\",\"target\":[\"https:\/\/equihero.eu\/de\/produkt\/flaem-nebulair-plus-nebulair\/\"]}]},{\"@type\":\"ImageObject\",\"inLanguage\":\"de\",\"@id\":\"https:\/\/equihero.eu\/de\/produkt\/flaem-nebulair-plus-nebulair\/#primaryimage\",\"url\":\"https:\/\/equihero.eu\/wp-content\/uploads\/2024\/05\/flaem_nebulair_inhalator.jpg\",\"contentUrl\":\"https:\/\/equihero.eu\/wp-content\/uploads\/2024\/05\/flaem_nebulair_inhalator.jpg\",\"width\":2000,\"height\":2000},{\"@type\":\"BreadcrumbList\",\"@id\":\"https:\/\/equihero.eu\/de\/produkt\/flaem-nebulair-plus-nebulair\/#breadcrumb\",\"itemListElement\":[{\"@type\":\"ListItem\",\"position\":1,\"name\":\"Home\",\"item\":\"https:\/\/equihero.eu\/de\/\"},{\"@type\":\"ListItem\",\"position\":2,\"name\":\"Shop\",\"item\":\"https:\/\/equihero.eu\/de\/shop\/\"},{\"@type\":\"ListItem\",\"position\":3,\"name\":\"Flaem NebulAir Plus Inhalator (NebulAir +)\"}]},{\"@type\":\"WebSite\",\"@id\":\"https:\/\/equihero.eu\/de\/#website\",\"url\":\"https:\/\/equihero.eu\/de\/\",\"name\":\"Equihero\",\"description\":\"\",\"publisher\":{\"@id\":\"https:\/\/equihero.eu\/de\/#organization\"},\"potentialAction\":[{\"@type\":\"SearchAction\",\"target\":{\"@type\":\"EntryPoint\",\"urlTemplate\":\"https:\/\/equihero.eu\/de\/?s={search_term_string}\"},\"query-input\":{\"@type\":\"PropertyValueSpecification\",\"valueRequired\":true,\"valueName\":\"search_term_string\"}}],\"inLanguage\":\"de\"},{\"@type\":\"Organization\",\"@id\":\"https:\/\/equihero.eu\/de\/#organization\",\"name\":\"Equihero\",\"url\":\"https:\/\/equihero.eu\/de\/\",\"logo\":{\"@type\":\"ImageObject\",\"inLanguage\":\"de\",\"@id\":\"https:\/\/equihero.eu\/de\/#\/schema\/logo\/image\/\",\"url\":\"https:\/\/equihero.eu\/wp-content\/uploads\/2024\/03\/EquiheroLogo.webp\",\"contentUrl\":\"https:\/\/equihero.eu\/wp-content\/uploads\/2024\/03\/EquiheroLogo.webp\",\"width\":958,\"height\":276,\"caption\":\"Equihero\"},\"image\":{\"@id\":\"https:\/\/equihero.eu\/de\/#\/schema\/logo\/image\/\"},\"sameAs\":[\"https:\/\/m.facebook.com\/equihero.eu\",\"https:\/\/www.instagram.com\/equihero.eu\/\",\"https:\/\/pl.linkedin.com\/company\/equihero\"]}]}<\/script>\n<meta property=\"product:price:amount\" content=\"112.50\" \/>\n<meta property=\"product:price:currency\" content=\"EUR\" \/>\n<meta property=\"og:availability\" content=\"instock\" \/>\n<meta property=\"product:availability\" content=\"instock\" \/>\n<meta property=\"product:condition\" content=\"new\" \/>\n<!-- \/ Yoast SEO plugin. -->","yoast_head_json":{"title":"Flaem NebulAir Plus Inhalator (NebulAir +) | Equihero","robots":{"index":"index","follow":"follow","max-snippet":"max-snippet:-1","max-image-preview":"max-image-preview:large","max-video-preview":"max-video-preview:-1"},"canonical":"https:\/\/equihero.eu\/de\/produkt\/flaem-nebulair-plus-nebulair\/","og_locale":"de_DE","og_type":"article","og_title":"Flaem NebulAir Plus Inhalator (NebulAir +) | Equihero","og_description":"Hochmoderner RF7 Dual Speed Vernebler mit doppelt so hoher Inhalationskapazit\u00e4t","og_url":"https:\/\/equihero.eu\/de\/produkt\/flaem-nebulair-plus-nebulair\/","og_site_name":"Equihero","article_publisher":"https:\/\/m.facebook.com\/equihero.eu","article_modified_time":"2025-11-06T15:26:32+00:00","og_image":[{"width":2000,"height":2000,"url":"https:\/\/equihero.eu\/wp-content\/uploads\/2024\/05\/flaem_nebulair_inhalator.jpg","type":"image\/jpeg"}],"twitter_card":"summary_large_image","twitter_misc":{"Preis":"&euro;112.50","Verf\u00fcgbarkeit":"Auf Lager"},"schema":{"@context":"https:\/\/schema.org","@graph":[{"@type":"WebPage","@id":"https:\/\/equihero.eu\/de\/produkt\/flaem-nebulair-plus-nebulair\/","url":"https:\/\/equihero.eu\/de\/produkt\/flaem-nebulair-plus-nebulair\/","name":"Flaem NebulAir Plus Inhalator (NebulAir +) | Equihero","isPartOf":{"@id":"https:\/\/equihero.eu\/de\/#website"},"primaryImageOfPage":{"@id":"https:\/\/equihero.eu\/de\/produkt\/flaem-nebulair-plus-nebulair\/#primaryimage"},"image":{"@id":"https:\/\/equihero.eu\/de\/produkt\/flaem-nebulair-plus-nebulair\/#primaryimage"},"thumbnailUrl":"https:\/\/equihero.eu\/wp-content\/uploads\/2024\/05\/flaem_nebulair_inhalator.jpg","datePublished":"2024-05-17T19:11:28+00:00","dateModified":"2025-11-06T15:26:32+00:00","breadcrumb":{"@id":"https:\/\/equihero.eu\/de\/produkt\/flaem-nebulair-plus-nebulair\/#breadcrumb"},"inLanguage":"de","potentialAction":[{"@type":"ReadAction","target":["https:\/\/equihero.eu\/de\/produkt\/flaem-nebulair-plus-nebulair\/"]}]},{"@type":"ImageObject","inLanguage":"de","@id":"https:\/\/equihero.eu\/de\/produkt\/flaem-nebulair-plus-nebulair\/#primaryimage","url":"https:\/\/equihero.eu\/wp-content\/uploads\/2024\/05\/flaem_nebulair_inhalator.jpg","contentUrl":"https:\/\/equihero.eu\/wp-content\/uploads\/2024\/05\/flaem_nebulair_inhalator.jpg","width":2000,"height":2000},{"@type":"BreadcrumbList","@id":"https:\/\/equihero.eu\/de\/produkt\/flaem-nebulair-plus-nebulair\/#breadcrumb","itemListElement":[{"@type":"ListItem","position":1,"name":"Home","item":"https:\/\/equihero.eu\/de\/"},{"@type":"ListItem","position":2,"name":"Shop","item":"https:\/\/equihero.eu\/de\/shop\/"},{"@type":"ListItem","position":3,"name":"Flaem NebulAir Plus Inhalator (NebulAir +)"}]},{"@type":"WebSite","@id":"https:\/\/equihero.eu\/de\/#website","url":"https:\/\/equihero.eu\/de\/","name":"Equihero","description":"","publisher":{"@id":"https:\/\/equihero.eu\/de\/#organization"},"potentialAction":[{"@type":"SearchAction","target":{"@type":"EntryPoint","urlTemplate":"https:\/\/equihero.eu\/de\/?s={search_term_string}"},"query-input":{"@type":"PropertyValueSpecification","valueRequired":true,"valueName":"search_term_string"}}],"inLanguage":"de"},{"@type":"Organization","@id":"https:\/\/equihero.eu\/de\/#organization","name":"Equihero","url":"https:\/\/equihero.eu\/de\/","logo":{"@type":"ImageObject","inLanguage":"de","@id":"https:\/\/equihero.eu\/de\/#\/schema\/logo\/image\/","url":"https:\/\/equihero.eu\/wp-content\/uploads\/2024\/03\/EquiheroLogo.webp","contentUrl":"https:\/\/equihero.eu\/wp-content\/uploads\/2024\/03\/EquiheroLogo.webp","width":958,"height":276,"caption":"Equihero"},"image":{"@id":"https:\/\/equihero.eu\/de\/#\/schema\/logo\/image\/"},"sameAs":["https:\/\/m.facebook.com\/equihero.eu","https:\/\/www.instagram.com\/equihero.eu\/","https:\/\/pl.linkedin.com\/company\/equihero"]}]},"product_price_amount":"112.50","product_price_currency":"EUR","og_availability":"instock","product_availability":"instock","product_condition":"new"},"_links":{"self":[{"href":"https:\/\/equihero.eu\/de\/wp-json\/wp\/v2\/product\/3057","targetHints":{"allow":["GET"]}}],"collection":[{"href":"https:\/\/equihero.eu\/de\/wp-json\/wp\/v2\/product"}],"about":[{"href":"https:\/\/equihero.eu\/de\/wp-json\/wp\/v2\/types\/product"}],"replies":[{"embeddable":true,"href":"https:\/\/equihero.eu\/de\/wp-json\/wp\/v2\/comments?post=3057"}],"wp:featuredmedia":[{"embeddable":true,"href":"https:\/\/equihero.eu\/de\/wp-json\/wp\/v2\/media\/3046"}],"wp:attachment":[{"href":"https:\/\/equihero.eu\/de\/wp-json\/wp\/v2\/media?parent=3057"}],"wp:term":[{"taxonomy":"product_brand","embeddable":true,"href":"https:\/\/equihero.eu\/de\/wp-json\/wp\/v2\/product_brand?post=3057"},{"taxonomy":"product_cat","embeddable":true,"href":"https:\/\/equihero.eu\/de\/wp-json\/wp\/v2\/product_cat?post=3057"},{"taxonomy":"product_tag","embeddable":true,"href":"https:\/\/equihero.eu\/de\/wp-json\/wp\/v2\/product_tag?post=3057"}],"curies":[{"name":"wp","href":"https:\/\/api.w.org\/{rel}","templated":true}]}}